{"id":8,"date":"2025-12-27T17:18:43","date_gmt":"2025-12-27T16:18:43","guid":{"rendered":"https:\/\/fasesonora.com\/?page_id=8"},"modified":"2026-02-03T07:59:27","modified_gmt":"2026-02-03T06:59:27","slug":"inicio","status":"publish","type":"page","link":"http:\/\/www.fasesonora.com\/ca\/","title":{"rendered":"Inicio"},"content":{"rendered":"<!--themify_builder_content-->\n<div id=\"themify_builder_content-8\" data-postid=\"8\" class=\"themify_builder_content themify_builder_content-8 themify_builder tf_clear\">\n                    <div  data-css_id=\"7fb2456\" data-lazy=\"1\" class=\"module_row themify_builder_row fullwidth tb_7fb2456 tb_first tf_w\">\n            <span class=\"builder_row_cover tf_abs\"><\/span>            <div class=\"row_inner col_align_top tb_col_count_1 tf_box tf_rel\">\n                        <div  data-lazy=\"1\" class=\"module_column tb-column col-full tb_p3r3456 first\">\n                    <!-- module fancy heading -->\n<div  class=\"module module-fancy-heading tb_x9ok792 \" data-lazy=\"1\">\n        <h1 class=\"fancy-heading tf_textc\">\n    <span class=\"main-head tf_block\">\n                    La teva hist\u00f2ria mereix ser escoltada amb la millor qualitat            <\/span>\n\n    \n    <span class=\"sub-head tf_block tf_rel\">\n                    Producci\u00f3 integral de podcasts, disseny sonor i consultoria estrat\u00e8gica. Des de la idea fins a l'o\u00efda de la teva audi\u00e8ncia.            <\/span>\n    <\/h1>\n<\/div>\n<!-- \/module fancy heading -->\n        <\/div>\n                        <\/div>\n        <\/div>\n                        <div  data-css_id=\"71m8871\" data-lazy=\"1\" class=\"module_row themify_builder_row fullwidth_row_container tb_71m8871 tf_w\">\n                        <div class=\"row_inner col_align_top tb_col_count_1 tf_box tf_rel\">\n                        <div  data-lazy=\"1\" class=\"module_column tb-column col-full tb_l9or871 first\">\n                    <!-- module text -->\n<div  class=\"module module-text tb_keb3867   \" data-lazy=\"1\">\n    <h3 class=\"module-title\">No nom\u00e9s enregistrem, gestionem el teu \u00e8xit sonor<\/h3>    <div  class=\"tb_text_wrap\">\n        <p>En un m\u00f3n saturat de soroll, la claredat \u00e9s vital. A Fase Sonora combinem la passi\u00f3 per l&#8217;\u00e0udio amb una impecable gesti\u00f3 de projectes. Apliquem metodologia i estrat\u00e8gia perqu\u00e8 el teu podcast no sigui nom\u00e9s un fitxer d&#8217;\u00e0udio, sin\u00f3 un producte sostenible, rendible i amb \u00e0nima. Ja sigui una xerrada \u00edntima o una complexa ficci\u00f3 sonora, organitzem el caos perqu\u00e8 tu nom\u00e9s et preocupis de comunicar.<\/p>    <\/div>\n<\/div>\n<!-- \/module text -->        <\/div>\n                        <\/div>\n        <\/div>\n                        <div  data-lazy=\"1\" class=\"module_row themify_builder_row tb_xydl774 tf_w\">\n                        <div class=\"row_inner col_align_top tb_col_count_3 tf_box tf_rel\">\n                        <div  data-lazy=\"1\" class=\"module_column tb-column col3-1 tb_v6nv774 first\">\n                    <!-- module image -->\n<div  class=\"module module-image tb_il78774 image-center   tf_mw\" data-lazy=\"1\">\n        <div class=\"image-wrap tf_rel tf_mw\">\n            <a href=\"https:\/\/www.fasesonora.com\/ca\/entre-cametes\/\">\n                   <img loading=\"lazy\" decoding=\"async\" src=\"http:\/\/www.fasesonora.com\/files\/fasesonora\/2025\/12\/logo_entrecametes_square_400-400x400.png\" width=\"400\" height=\"400\" class=\"wp-post-image wp-image-252\" title=\"logo_entrecametes_square_400\" alt=\"logo_entrecametes_square_400\" srcset=\"http:\/\/www.fasesonora.com\/files\/fasesonora\/2025\/12\/logo_entrecametes_square_400.png 400w, http:\/\/www.fasesonora.com\/files\/fasesonora\/2025\/12\/logo_entrecametes_square_400-300x300.png 300w, http:\/\/www.fasesonora.com\/files\/fasesonora\/2025\/12\/logo_entrecametes_square_400-150x150.png 150w\" sizes=\"auto, (max-width: 400px) 100vw, 400px\" \/>        <\/a>\n    \n        <\/div>\n    <!-- \/image-wrap -->\n    \n        <\/div>\n<!-- \/module image -->        <\/div>\n                    <div  data-lazy=\"1\" class=\"module_column tb-column col3-1 tb_5rpc774\">\n                    <!-- module image -->\n<div  class=\"module module-image tb_371k774 image-center   tf_mw\" data-lazy=\"1\">\n        <div class=\"image-wrap tf_rel tf_mw\">\n            <a href=\"https:\/\/www.fasesonora.com\/ca\/krl-os\/\">\n                   <img loading=\"lazy\" decoding=\"async\" src=\"http:\/\/www.fasesonora.com\/files\/fasesonora\/2026\/01\/krlos-square-400x400.png\" width=\"400\" height=\"400\" class=\"wp-post-image wp-image-256\" title=\"krlos-square\" alt=\"krlos-square\" srcset=\"http:\/\/www.fasesonora.com\/files\/fasesonora\/2026\/01\/krlos-square-400x400.png 400w, http:\/\/www.fasesonora.com\/files\/fasesonora\/2026\/01\/krlos-square-300x300.png 300w, http:\/\/www.fasesonora.com\/files\/fasesonora\/2026\/01\/krlos-square-1024x1024.png 1024w, http:\/\/www.fasesonora.com\/files\/fasesonora\/2026\/01\/krlos-square-150x150.png 150w, http:\/\/www.fasesonora.com\/files\/fasesonora\/2026\/01\/krlos-square-768x768.png 768w, http:\/\/www.fasesonora.com\/files\/fasesonora\/2026\/01\/krlos-square-978x978.png 978w, http:\/\/www.fasesonora.com\/files\/fasesonora\/2026\/01\/krlos-square.png 1536w\" sizes=\"auto, (max-width: 400px) 100vw, 400px\" \/>        <\/a>\n    \n        <\/div>\n    <!-- \/image-wrap -->\n    \n        <\/div>\n<!-- \/module image -->        <\/div>\n                    <div  data-lazy=\"1\" class=\"module_column tb-column col3-1 tb_z0ow774 last\">\n                    <!-- module image -->\n<div  class=\"module module-image tb_xeyr774 image-center   tf_mw\" data-lazy=\"1\">\n        <div class=\"image-wrap tf_rel tf_mw\">\n            <img loading=\"lazy\" decoding=\"async\" src=\"http:\/\/www.fasesonora.com\/files\/fasesonora\/2026\/02\/caratula_podcast_patademico-400x400.png\" width=\"400\" height=\"400\" class=\"wp-post-image wp-image-359\" title=\"caratula_podcast_patademico\" alt=\"caratula_podcast_patademico\" srcset=\"http:\/\/www.fasesonora.com\/files\/fasesonora\/2026\/02\/caratula_podcast_patademico-400x400.png 400w, http:\/\/www.fasesonora.com\/files\/fasesonora\/2026\/02\/caratula_podcast_patademico-300x300.png 300w, http:\/\/www.fasesonora.com\/files\/fasesonora\/2026\/02\/caratula_podcast_patademico-150x150.png 150w, http:\/\/www.fasesonora.com\/files\/fasesonora\/2026\/02\/caratula_podcast_patademico-768x768.png 768w, http:\/\/www.fasesonora.com\/files\/fasesonora\/2026\/02\/caratula_podcast_patademico.png 1024w\" sizes=\"auto, (max-width: 400px) 100vw, 400px\" \/>    \n        <\/div>\n    <!-- \/image-wrap -->\n    \n        <\/div>\n<!-- \/module image -->        <\/div>\n                        <\/div>\n        <\/div>\n                        <div  data-lazy=\"1\" class=\"module_row themify_builder_row tb_ymum675 tf_w\">\n                        <div class=\"row_inner col_align_top tb_col_count_3 tf_box tf_rel\">\n                        <div  data-lazy=\"1\" class=\"module_column tb-column col3-1 tb_kc55675 first\">\n                    <!-- module image -->\n<div  class=\"module module-image tb_h153675 image-center   tf_mw\" data-lazy=\"1\">\n        <div class=\"image-wrap tf_rel tf_mw\">\n            <img loading=\"lazy\" decoding=\"async\" src=\"http:\/\/www.fasesonora.com\/files\/fasesonora\/2026\/02\/miniatura-pedres-que-parlen-scaled-400x400.png\" width=\"400\" height=\"400\" class=\"wp-post-image wp-image-357\" title=\"miniatura-pedres-que-parlen\" alt=\"miniatura-pedres-que-parlen\" srcset=\"http:\/\/www.fasesonora.com\/files\/fasesonora\/2026\/02\/miniatura-pedres-que-parlen-scaled-400x400.png 400w, http:\/\/www.fasesonora.com\/files\/fasesonora\/2026\/02\/miniatura-pedres-que-parlen-300x300.png 300w, http:\/\/www.fasesonora.com\/files\/fasesonora\/2026\/02\/miniatura-pedres-que-parlen-1024x1024.png 1024w, http:\/\/www.fasesonora.com\/files\/fasesonora\/2026\/02\/miniatura-pedres-que-parlen-150x150.png 150w, http:\/\/www.fasesonora.com\/files\/fasesonora\/2026\/02\/miniatura-pedres-que-parlen-768x768.png 768w, http:\/\/www.fasesonora.com\/files\/fasesonora\/2026\/02\/miniatura-pedres-que-parlen-1536x1536.png 1536w, http:\/\/www.fasesonora.com\/files\/fasesonora\/2026\/02\/miniatura-pedres-que-parlen-2048x2048.png 2048w\" sizes=\"auto, (max-width: 400px) 100vw, 400px\" \/>    \n        <\/div>\n    <!-- \/image-wrap -->\n    \n        <\/div>\n<!-- \/module image -->        <\/div>\n                    <div  data-lazy=\"1\" class=\"module_column tb-column col3-1 tb_xc8a675\">\n                    <!-- module image -->\n<div  class=\"module module-image tb_7ucq675 image-center   tf_mw\" data-lazy=\"1\">\n        <div class=\"image-wrap tf_rel tf_mw\">\n            <img loading=\"lazy\" decoding=\"async\" src=\"http:\/\/www.fasesonora.com\/files\/fasesonora\/2026\/02\/desnudos_mentales-400x400.png\" width=\"400\" height=\"400\" class=\"wp-post-image wp-image-358\" title=\"desnudos_mentales\" alt=\"desnudos_mentales\" srcset=\"http:\/\/www.fasesonora.com\/files\/fasesonora\/2026\/02\/desnudos_mentales-400x400.png 400w, http:\/\/www.fasesonora.com\/files\/fasesonora\/2026\/02\/desnudos_mentales-300x300.png 300w, http:\/\/www.fasesonora.com\/files\/fasesonora\/2026\/02\/desnudos_mentales-1024x1024.png 1024w, http:\/\/www.fasesonora.com\/files\/fasesonora\/2026\/02\/desnudos_mentales-150x150.png 150w, http:\/\/www.fasesonora.com\/files\/fasesonora\/2026\/02\/desnudos_mentales-768x768.png 768w, http:\/\/www.fasesonora.com\/files\/fasesonora\/2026\/02\/desnudos_mentales.png 1080w\" sizes=\"auto, (max-width: 400px) 100vw, 400px\" \/>    \n        <\/div>\n    <!-- \/image-wrap -->\n    \n        <\/div>\n<!-- \/module image -->        <\/div>\n                    <div  data-lazy=\"1\" class=\"module_column tb-column col3-1 tb_66mn675 last\">\n                    <!-- module image -->\n<div  class=\"module module-image tb_qck6675 image-center   tf_mw\" data-lazy=\"1\">\n        <div class=\"image-wrap tf_rel tf_mw\">\n            <img loading=\"lazy\" decoding=\"async\" src=\"http:\/\/www.fasesonora.com\/files\/fasesonora\/2026\/02\/35372877-1670231345286-c860c57140849-scaled-400x400.jpg\" width=\"400\" height=\"400\" class=\"wp-post-image wp-image-360\" title=\"35372877-1670231345286-c860c57140849\" alt=\"35372877-1670231345286-c860c57140849\" srcset=\"http:\/\/www.fasesonora.com\/files\/fasesonora\/2026\/02\/35372877-1670231345286-c860c57140849-scaled-400x400.jpg 400w, http:\/\/www.fasesonora.com\/files\/fasesonora\/2026\/02\/35372877-1670231345286-c860c57140849-300x300.jpg 300w, http:\/\/www.fasesonora.com\/files\/fasesonora\/2026\/02\/35372877-1670231345286-c860c57140849-1024x1024.jpg 1024w, http:\/\/www.fasesonora.com\/files\/fasesonora\/2026\/02\/35372877-1670231345286-c860c57140849-150x150.jpg 150w, http:\/\/www.fasesonora.com\/files\/fasesonora\/2026\/02\/35372877-1670231345286-c860c57140849-768x768.jpg 768w, http:\/\/www.fasesonora.com\/files\/fasesonora\/2026\/02\/35372877-1670231345286-c860c57140849-1536x1536.jpg 1536w, http:\/\/www.fasesonora.com\/files\/fasesonora\/2026\/02\/35372877-1670231345286-c860c57140849-2048x2048.jpg 2048w\" sizes=\"auto, (max-width: 400px) 100vw, 400px\" \/>    \n        <\/div>\n    <!-- \/image-wrap -->\n    \n        <\/div>\n<!-- \/module image -->        <\/div>\n                        <\/div>\n        <\/div>\n        <\/div>\n<!--\/themify_builder_content-->","protected":false},"excerpt":{"rendered":"<p>La teva hist\u00f2ria mereix ser escoltada amb la millor qualitatProducci\u00f3 integral de podcasts, disseny sonor i consultoria estrat\u00e8gica. Des de la idea fins a l&#8217;o\u00efda de la teva audi\u00e8ncia. No nom\u00e9s enregistrem, gestionem el teu \u00e8xit sonor En un m\u00f3n saturat de soroll, la claredat \u00e9s vital. A Fase Sonora combinem la passi\u00f3 per l&#8217;\u00e0udio [&hellip;]<\/p>\n","protected":false},"author":1,"featured_media":0,"parent":0,"menu_order":0,"comment_status":"closed","ping_status":"closed","template":"","meta":{"footnotes":""},"class_list":["post-8","page","type-page","status-publish","hentry","has-post-title","has-post-date","has-post-category","has-post-tag","has-post-comment","has-post-author",""],"yoast_head":"<!-- This site is optimized with the Yoast SEO plugin v26.8 - https:\/\/yoast.com\/product\/yoast-seo-wordpress\/ -->\n<title>Inicio - Fase Sonora<\/title>\n<meta name=\"robots\" content=\"index, follow, max-snippet:-1, max-image-preview:large, max-video-preview:-1\" \/>\n<link rel=\"canonical\" href=\"http:\/\/www.fasesonora.com\/ca\/\" \/>\n<meta property=\"og:locale\" content=\"ca_ES\" \/>\n<meta property=\"og:type\" content=\"article\" \/>\n<meta property=\"og:title\" content=\"Inicio - Fase Sonora\" \/>\n<meta property=\"og:description\" content=\"La teva hist\u00f2ria mereix ser escoltada amb la millor qualitatProducci\u00f3 integral de podcasts, disseny sonor i consultoria estrat\u00e8gica. Des de la idea fins a l&#8217;o\u00efda de la teva audi\u00e8ncia. No nom\u00e9s enregistrem, gestionem el teu \u00e8xit sonor En un m\u00f3n saturat de soroll, la claredat \u00e9s vital. A Fase Sonora combinem la passi\u00f3 per l&#8217;\u00e0udio [&hellip;]\" \/>\n<meta property=\"og:url\" content=\"http:\/\/www.fasesonora.com\/ca\/\" \/>\n<meta property=\"og:site_name\" content=\"Fase Sonora\" \/>\n<meta property=\"article:modified_time\" content=\"2026-02-03T06:59:27+00:00\" \/>\n<meta property=\"og:image\" content=\"http:\/\/www.fasesonora.com\/files\/fasesonora\/2025\/12\/logo_entrecametes_square_400.png\" \/>\n<meta name=\"twitter:card\" content=\"summary_large_image\" \/>\n<meta name=\"twitter:label1\" content=\"Temps estimat de lectura\" \/>\n\t<meta name=\"twitter:data1\" content=\"2 minuts\" \/>\n<script type=\"application\/ld+json\" class=\"yoast-schema-graph\">{\"@context\":\"https:\/\/schema.org\",\"@graph\":[{\"@type\":\"WebPage\",\"@id\":\"http:\/\/www.fasesonora.com\/ca\/\",\"url\":\"http:\/\/www.fasesonora.com\/ca\/\",\"name\":\"Inicio - Fase Sonora\",\"isPartOf\":{\"@id\":\"http:\/\/www.fasesonora.com\/ca\/#website\"},\"primaryImageOfPage\":{\"@id\":\"http:\/\/www.fasesonora.com\/ca\/#primaryimage\"},\"image\":{\"@id\":\"http:\/\/www.fasesonora.com\/ca\/#primaryimage\"},\"thumbnailUrl\":\"http:\/\/www.fasesonora.com\/files\/fasesonora\/2025\/12\/logo_entrecametes_square_400.png\",\"datePublished\":\"2025-12-27T16:18:43+00:00\",\"dateModified\":\"2026-02-03T06:59:27+00:00\",\"breadcrumb\":{\"@id\":\"http:\/\/www.fasesonora.com\/ca\/#breadcrumb\"},\"inLanguage\":\"ca\",\"potentialAction\":[{\"@type\":\"ReadAction\",\"target\":[\"http:\/\/www.fasesonora.com\/ca\/\"]}]},{\"@type\":\"ImageObject\",\"inLanguage\":\"ca\",\"@id\":\"http:\/\/www.fasesonora.com\/ca\/#primaryimage\",\"url\":\"http:\/\/www.fasesonora.com\/files\/fasesonora\/2025\/12\/logo_entrecametes_square_400.png\",\"contentUrl\":\"http:\/\/www.fasesonora.com\/files\/fasesonora\/2025\/12\/logo_entrecametes_square_400.png\"},{\"@type\":\"BreadcrumbList\",\"@id\":\"http:\/\/www.fasesonora.com\/ca\/#breadcrumb\",\"itemListElement\":[{\"@type\":\"ListItem\",\"position\":1,\"name\":\"Home\",\"item\":\"https:\/\/www.fasesonora.com\/ca\/\"},{\"@type\":\"ListItem\",\"position\":2,\"name\":\"Inicio\"}]},{\"@type\":\"WebSite\",\"@id\":\"http:\/\/www.fasesonora.com\/ca\/#website\",\"url\":\"http:\/\/www.fasesonora.com\/ca\/\",\"name\":\"Fase Sonora\",\"description\":\"\",\"publisher\":{\"@id\":\"http:\/\/www.fasesonora.com\/ca\/#organization\"},\"potentialAction\":[{\"@type\":\"SearchAction\",\"target\":{\"@type\":\"EntryPoint\",\"urlTemplate\":\"http:\/\/www.fasesonora.com\/ca\/?s={search_term_string}\"},\"query-input\":{\"@type\":\"PropertyValueSpecification\",\"valueRequired\":true,\"valueName\":\"search_term_string\"}}],\"inLanguage\":\"ca\"},{\"@type\":\"Organization\",\"@id\":\"http:\/\/www.fasesonora.com\/ca\/#organization\",\"name\":\"Fase Sonora\",\"url\":\"http:\/\/www.fasesonora.com\/ca\/\",\"logo\":{\"@type\":\"ImageObject\",\"inLanguage\":\"ca\",\"@id\":\"http:\/\/www.fasesonora.com\/ca\/#\/schema\/logo\/image\/\",\"url\":\"https:\/\/fasesonora.com\/files\/fasesonora\/2025\/12\/logo_fasesonora.png\",\"contentUrl\":\"https:\/\/fasesonora.com\/files\/fasesonora\/2025\/12\/logo_fasesonora.png\",\"width\":480,\"height\":192,\"caption\":\"Fase Sonora\"},\"image\":{\"@id\":\"http:\/\/www.fasesonora.com\/ca\/#\/schema\/logo\/image\/\"}}]}<\/script>\n<!-- \/ Yoast SEO plugin. -->","yoast_head_json":{"title":"Inicio - Fase Sonora","robots":{"index":"index","follow":"follow","max-snippet":"max-snippet:-1","max-image-preview":"max-image-preview:large","max-video-preview":"max-video-preview:-1"},"canonical":"http:\/\/www.fasesonora.com\/ca\/","og_locale":"ca_ES","og_type":"article","og_title":"Inicio - Fase Sonora","og_description":"La teva hist\u00f2ria mereix ser escoltada amb la millor qualitatProducci\u00f3 integral de podcasts, disseny sonor i consultoria estrat\u00e8gica. Des de la idea fins a l&#8217;o\u00efda de la teva audi\u00e8ncia. No nom\u00e9s enregistrem, gestionem el teu \u00e8xit sonor En un m\u00f3n saturat de soroll, la claredat \u00e9s vital. A Fase Sonora combinem la passi\u00f3 per l&#8217;\u00e0udio [&hellip;]","og_url":"http:\/\/www.fasesonora.com\/ca\/","og_site_name":"Fase Sonora","article_modified_time":"2026-02-03T06:59:27+00:00","og_image":[{"url":"http:\/\/www.fasesonora.com\/files\/fasesonora\/2025\/12\/logo_entrecametes_square_400.png","type":"","width":"","height":""}],"twitter_card":"summary_large_image","twitter_misc":{"Temps estimat de lectura":"2 minuts"},"schema":{"@context":"https:\/\/schema.org","@graph":[{"@type":"WebPage","@id":"http:\/\/www.fasesonora.com\/ca\/","url":"http:\/\/www.fasesonora.com\/ca\/","name":"Inicio - Fase Sonora","isPartOf":{"@id":"http:\/\/www.fasesonora.com\/ca\/#website"},"primaryImageOfPage":{"@id":"http:\/\/www.fasesonora.com\/ca\/#primaryimage"},"image":{"@id":"http:\/\/www.fasesonora.com\/ca\/#primaryimage"},"thumbnailUrl":"http:\/\/www.fasesonora.com\/files\/fasesonora\/2025\/12\/logo_entrecametes_square_400.png","datePublished":"2025-12-27T16:18:43+00:00","dateModified":"2026-02-03T06:59:27+00:00","breadcrumb":{"@id":"http:\/\/www.fasesonora.com\/ca\/#breadcrumb"},"inLanguage":"ca","potentialAction":[{"@type":"ReadAction","target":["http:\/\/www.fasesonora.com\/ca\/"]}]},{"@type":"ImageObject","inLanguage":"ca","@id":"http:\/\/www.fasesonora.com\/ca\/#primaryimage","url":"http:\/\/www.fasesonora.com\/files\/fasesonora\/2025\/12\/logo_entrecametes_square_400.png","contentUrl":"http:\/\/www.fasesonora.com\/files\/fasesonora\/2025\/12\/logo_entrecametes_square_400.png"},{"@type":"BreadcrumbList","@id":"http:\/\/www.fasesonora.com\/ca\/#breadcrumb","itemListElement":[{"@type":"ListItem","position":1,"name":"Home","item":"https:\/\/www.fasesonora.com\/ca\/"},{"@type":"ListItem","position":2,"name":"Inicio"}]},{"@type":"WebSite","@id":"http:\/\/www.fasesonora.com\/ca\/#website","url":"http:\/\/www.fasesonora.com\/ca\/","name":"Fase Sonora","description":"","publisher":{"@id":"http:\/\/www.fasesonora.com\/ca\/#organization"},"potentialAction":[{"@type":"SearchAction","target":{"@type":"EntryPoint","urlTemplate":"http:\/\/www.fasesonora.com\/ca\/?s={search_term_string}"},"query-input":{"@type":"PropertyValueSpecification","valueRequired":true,"valueName":"search_term_string"}}],"inLanguage":"ca"},{"@type":"Organization","@id":"http:\/\/www.fasesonora.com\/ca\/#organization","name":"Fase Sonora","url":"http:\/\/www.fasesonora.com\/ca\/","logo":{"@type":"ImageObject","inLanguage":"ca","@id":"http:\/\/www.fasesonora.com\/ca\/#\/schema\/logo\/image\/","url":"https:\/\/fasesonora.com\/files\/fasesonora\/2025\/12\/logo_fasesonora.png","contentUrl":"https:\/\/fasesonora.com\/files\/fasesonora\/2025\/12\/logo_fasesonora.png","width":480,"height":192,"caption":"Fase Sonora"},"image":{"@id":"http:\/\/www.fasesonora.com\/ca\/#\/schema\/logo\/image\/"}}]}},"_links":{"self":[{"href":"http:\/\/www.fasesonora.com\/ca\/wp-json\/wp\/v2\/pages\/8","targetHints":{"allow":["GET"]}}],"collection":[{"href":"http:\/\/www.fasesonora.com\/ca\/wp-json\/wp\/v2\/pages"}],"about":[{"href":"http:\/\/www.fasesonora.com\/ca\/wp-json\/wp\/v2\/types\/page"}],"author":[{"embeddable":true,"href":"http:\/\/www.fasesonora.com\/ca\/wp-json\/wp\/v2\/users\/1"}],"replies":[{"embeddable":true,"href":"http:\/\/www.fasesonora.com\/ca\/wp-json\/wp\/v2\/comments?post=8"}],"version-history":[{"count":28,"href":"http:\/\/www.fasesonora.com\/ca\/wp-json\/wp\/v2\/pages\/8\/revisions"}],"predecessor-version":[{"id":370,"href":"http:\/\/www.fasesonora.com\/ca\/wp-json\/wp\/v2\/pages\/8\/revisions\/370"}],"wp:attachment":[{"href":"http:\/\/www.fasesonora.com\/ca\/wp-json\/wp\/v2\/media?parent=8"}],"curies":[{"name":"wp","href":"https:\/\/api.w.org\/{rel}","templated":true}]}}