{"id":257,"date":"2026-01-10T12:27:57","date_gmt":"2026-01-10T11:27:57","guid":{"rendered":"https:\/\/www.fasesonora.com\/ficcio-sonora\/"},"modified":"2026-01-21T11:58:01","modified_gmt":"2026-01-21T10:58:01","slug":"ficcio-sonora","status":"publish","type":"page","link":"http:\/\/www.fasesonora.com\/ca\/ficcio-sonora\/","title":{"rendered":"Ficci\u00f3 Sonora"},"content":{"rendered":"<!--themify_builder_content-->\n<div id=\"themify_builder_content-257\" data-postid=\"257\" class=\"themify_builder_content themify_builder_content-257 themify_builder tf_clear\">\n                    <div  data-css_id=\"7fb2456\" data-lazy=\"1\" class=\"module_row themify_builder_row fullwidth tb_7fb2456 tb_first tf_w\">\n            <span class=\"builder_row_cover tf_abs\"><\/span>            <div class=\"row_inner col_align_top tb_col_count_1 tf_box tf_rel\">\n                        <div  data-lazy=\"1\" class=\"module_column tb-column col-full tb_p3r3456 first\">\n                    <!-- module fancy heading -->\n<div  class=\"module module-fancy-heading tb_x9ok792 \" data-lazy=\"1\">\n        <h1 class=\"fancy-heading tf_textc\">\n    <span class=\"main-head tf_block\">\n                    Hist\u00f2ries que es veuen amb els ulls tancats.            <\/span>\n\n    \n    <span class=\"sub-head tf_block tf_rel\">\n                    Transformem guions en experi\u00e8ncies immersives. Disseny sonor cinematogr\u00e0fic, direcci\u00f3 d'actors i ambientaci\u00f3 perqu\u00e8 la teva audi\u00e8ncia no nom\u00e9s escolti la hist\u00f2ria, sin\u00f3 que hi visqui.            <\/span>\n    <\/h1>\n<\/div>\n<!-- \/module fancy heading -->\n        <\/div>\n                        <\/div>\n        <\/div>\n                        <div  data-lazy=\"1\" class=\"module_row themify_builder_row tb_71m8871 tf_w\">\n                        <div class=\"row_inner col_align_top tb_col_count_1 tf_box tf_rel\">\n                        <div  data-lazy=\"1\" class=\"module_column tb-column col-full tb_l9or871 first\">\n                    <!-- module fancy heading -->\n<div  class=\"module module-fancy-heading tb_hyfq833  tb_hide_divider\" data-lazy=\"1\">\n        <h2 class=\"fancy-heading tf_textc\">\n    <span class=\"main-head tf_block\">\n                    On la t\u00e8cnica es troba amb la dramat\u00fargia            <\/span>\n\n    \n    <span class=\"sub-head tf_block tf_rel\">\n                                <\/span>\n    <\/h2>\n<\/div>\n<!-- \/module fancy heading -->\n<!-- module text -->\n<div  class=\"module module-text tb_keb3867   \" data-lazy=\"1\">\n        <div  class=\"tb_text_wrap\">\n        <p data-path-to-node=\"8,1,0\">Crear una ficci\u00f3 sonora o documental narratiu \u00e9s el repte definitiu de l&#8217;\u00e0udio: requereix la precisi\u00f3 d&#8217;un enginyer i l&#8217;\u00e0nima d&#8217;un director de teatre. En <b data-path-to-node=\"8,1,0\" data-index-in-node=\"188\">Fase Sonora<\/b>, unimos ambos mundos.<\/p>\n<p data-path-to-node=\"8,1,1\">No ens limitem a afegir efectes de so de llibreria. <b data-path-to-node=\"8,1,1\" data-index-in-node=\"57\">Constru\u00efm paisatges sonors.<\/b> Entendemos el audio como un arte vivo: desde la direcci\u00f3n de actores para conseguir esa &#8216;verdad esc\u00e9nica&#8217; frente al micr\u00f3fono, hasta el uso de planos sonoros y Foley (efectos de sala) que aportan textura y realismo.<\/p>\n<p data-path-to-node=\"8,1,2\">La nostra especialitat \u00e9s el format h\u00edbrid: projectes que, com &#8216;Pedres que parlen&#8217;, barregen la divulgaci\u00f3 hist\u00f2rica o period\u00edstica amb la recreaci\u00f3 dramatitzada. Gestionem la complexitat d&#8217;aquestes produccions (gui\u00f3, c\u00e0sting, muntatge multipista) amb una metodologia rigorosa perqu\u00e8 el resultat sigui una pe\u00e7a d&#8217;orfebreria sonora capa\u00e7 de transportar l&#8217;oient a qualsevol \u00e8poca o lloc.&#8221;<\/p>    <\/div>\n<\/div>\n<!-- \/module text -->        <\/div>\n                        <\/div>\n        <\/div>\n                        <div  data-lazy=\"1\" class=\"module_row themify_builder_row tb_89w5618 tf_w\">\n                        <div class=\"row_inner col_align_top tb_col_count_1 tf_box tf_rel\">\n                        <div  data-lazy=\"1\" class=\"module_column tb-column col-full tb_5wcj618 first\">\n                    <!-- module image -->\n<div  class=\"module module-image tb_et8x731 image-top   tf_mw\" data-lazy=\"1\">\n        <div class=\"image-wrap tf_rel tf_mw\">\n            <a href=\"https:\/\/www.fasesonora.com\/krl-os\/\">\n                   <img loading=\"lazy\" decoding=\"async\" src=\"http:\/\/www.fasesonora.com\/files\/fasesonora\/2026\/01\/krlos-square-400x400.png\" width=\"400\" height=\"400\" class=\"wp-post-image wp-image-256\" title=\"krlos-square\" alt=\"krlos-square\" srcset=\"http:\/\/www.fasesonora.com\/files\/fasesonora\/2026\/01\/krlos-square-400x400.png 400w, http:\/\/www.fasesonora.com\/files\/fasesonora\/2026\/01\/krlos-square-300x300.png 300w, http:\/\/www.fasesonora.com\/files\/fasesonora\/2026\/01\/krlos-square-1024x1024.png 1024w, http:\/\/www.fasesonora.com\/files\/fasesonora\/2026\/01\/krlos-square-150x150.png 150w, http:\/\/www.fasesonora.com\/files\/fasesonora\/2026\/01\/krlos-square-768x768.png 768w, http:\/\/www.fasesonora.com\/files\/fasesonora\/2026\/01\/krlos-square-978x978.png 978w, http:\/\/www.fasesonora.com\/files\/fasesonora\/2026\/01\/krlos-square.png 1536w\" sizes=\"auto, (max-width: 400px) 100vw, 400px\" \/>        <\/a>\n    \n        <\/div>\n    <!-- \/image-wrap -->\n    \n        <\/div>\n<!-- \/module image -->        <\/div>\n                        <\/div>\n        <\/div>\n        <\/div>\n<!--\/themify_builder_content-->","protected":false},"excerpt":{"rendered":"<p>Hist\u00f2ries que es veuen amb els ulls tancats.Transformem guions en experi\u00e8ncies immersives. Disseny sonor cinematogr\u00e0fic, direcci\u00f3 d&#8217;actors i ambientaci\u00f3 perqu\u00e8 la teva audi\u00e8ncia no nom\u00e9s escolti la hist\u00f2ria, sin\u00f3 que hi visqui. On la t\u00e8cnica es troba amb la dramat\u00fargia Crear una ficci\u00f3 sonora o documental narratiu \u00e9s el repte definitiu de l&#8217;\u00e0udio: requereix la [&hellip;]<\/p>\n","protected":false},"author":1,"featured_media":0,"parent":0,"menu_order":0,"comment_status":"closed","ping_status":"closed","template":"","meta":{"footnotes":""},"class_list":["post-257","page","type-page","status-publish","hentry","has-post-title","has-post-date","has-post-category","has-post-tag","has-post-comment","has-post-author",""],"yoast_head":"<!-- This site is optimized with the Yoast SEO plugin v26.8 - https:\/\/yoast.com\/product\/yoast-seo-wordpress\/ -->\n<title>Ficci\u00f3 Sonora - Fase Sonora<\/title>\n<meta name=\"robots\" content=\"index, follow, max-snippet:-1, max-image-preview:large, max-video-preview:-1\" \/>\n<link rel=\"canonical\" href=\"http:\/\/www.fasesonora.com\/ca\/ficcio-sonora\/\" \/>\n<meta property=\"og:locale\" content=\"ca_ES\" \/>\n<meta property=\"og:type\" content=\"article\" \/>\n<meta property=\"og:title\" content=\"Ficci\u00f3 Sonora - Fase Sonora\" \/>\n<meta property=\"og:description\" content=\"Hist\u00f2ries que es veuen amb els ulls tancats.Transformem guions en experi\u00e8ncies immersives. Disseny sonor cinematogr\u00e0fic, direcci\u00f3 d&#8217;actors i ambientaci\u00f3 perqu\u00e8 la teva audi\u00e8ncia no nom\u00e9s escolti la hist\u00f2ria, sin\u00f3 que hi visqui. On la t\u00e8cnica es troba amb la dramat\u00fargia Crear una ficci\u00f3 sonora o documental narratiu \u00e9s el repte definitiu de l&#8217;\u00e0udio: requereix la [&hellip;]\" \/>\n<meta property=\"og:url\" content=\"http:\/\/www.fasesonora.com\/ca\/ficcio-sonora\/\" \/>\n<meta property=\"og:site_name\" content=\"Fase Sonora\" \/>\n<meta property=\"article:modified_time\" content=\"2026-01-21T10:58:01+00:00\" \/>\n<meta property=\"og:image\" content=\"http:\/\/www.fasesonora.com\/files\/fasesonora\/2026\/01\/krlos-square.png\" \/>\n<meta name=\"twitter:card\" content=\"summary_large_image\" \/>\n<meta name=\"twitter:label1\" content=\"Temps estimat de lectura\" \/>\n\t<meta name=\"twitter:data1\" content=\"1 minut\" \/>\n<script type=\"application\/ld+json\" class=\"yoast-schema-graph\">{\"@context\":\"https:\/\/schema.org\",\"@graph\":[{\"@type\":\"WebPage\",\"@id\":\"http:\/\/www.fasesonora.com\/ca\/ficcio-sonora\/\",\"url\":\"http:\/\/www.fasesonora.com\/ca\/ficcio-sonora\/\",\"name\":\"Ficci\u00f3 Sonora - Fase Sonora\",\"isPartOf\":{\"@id\":\"http:\/\/www.fasesonora.com\/ca\/#website\"},\"primaryImageOfPage\":{\"@id\":\"http:\/\/www.fasesonora.com\/ca\/ficcio-sonora\/#primaryimage\"},\"image\":{\"@id\":\"http:\/\/www.fasesonora.com\/ca\/ficcio-sonora\/#primaryimage\"},\"thumbnailUrl\":\"http:\/\/www.fasesonora.com\/files\/fasesonora\/2026\/01\/krlos-square.png\",\"datePublished\":\"2026-01-10T11:27:57+00:00\",\"dateModified\":\"2026-01-21T10:58:01+00:00\",\"breadcrumb\":{\"@id\":\"http:\/\/www.fasesonora.com\/ca\/ficcio-sonora\/#breadcrumb\"},\"inLanguage\":\"ca\",\"potentialAction\":[{\"@type\":\"ReadAction\",\"target\":[\"http:\/\/www.fasesonora.com\/ca\/ficcio-sonora\/\"]}]},{\"@type\":\"ImageObject\",\"inLanguage\":\"ca\",\"@id\":\"http:\/\/www.fasesonora.com\/ca\/ficcio-sonora\/#primaryimage\",\"url\":\"http:\/\/www.fasesonora.com\/files\/fasesonora\/2026\/01\/krlos-square.png\",\"contentUrl\":\"http:\/\/www.fasesonora.com\/files\/fasesonora\/2026\/01\/krlos-square.png\"},{\"@type\":\"BreadcrumbList\",\"@id\":\"http:\/\/www.fasesonora.com\/ca\/ficcio-sonora\/#breadcrumb\",\"itemListElement\":[{\"@type\":\"ListItem\",\"position\":1,\"name\":\"Home\",\"item\":\"https:\/\/www.fasesonora.com\/ca\/\"},{\"@type\":\"ListItem\",\"position\":2,\"name\":\"Ficci\u00f3 Sonora\"}]},{\"@type\":\"WebSite\",\"@id\":\"http:\/\/www.fasesonora.com\/ca\/#website\",\"url\":\"http:\/\/www.fasesonora.com\/ca\/\",\"name\":\"Fase Sonora\",\"description\":\"\",\"publisher\":{\"@id\":\"http:\/\/www.fasesonora.com\/ca\/#organization\"},\"potentialAction\":[{\"@type\":\"SearchAction\",\"target\":{\"@type\":\"EntryPoint\",\"urlTemplate\":\"http:\/\/www.fasesonora.com\/ca\/?s={search_term_string}\"},\"query-input\":{\"@type\":\"PropertyValueSpecification\",\"valueRequired\":true,\"valueName\":\"search_term_string\"}}],\"inLanguage\":\"ca\"},{\"@type\":\"Organization\",\"@id\":\"http:\/\/www.fasesonora.com\/ca\/#organization\",\"name\":\"Fase Sonora\",\"url\":\"http:\/\/www.fasesonora.com\/ca\/\",\"logo\":{\"@type\":\"ImageObject\",\"inLanguage\":\"ca\",\"@id\":\"http:\/\/www.fasesonora.com\/ca\/#\/schema\/logo\/image\/\",\"url\":\"https:\/\/fasesonora.com\/files\/fasesonora\/2025\/12\/logo_fasesonora.png\",\"contentUrl\":\"https:\/\/fasesonora.com\/files\/fasesonora\/2025\/12\/logo_fasesonora.png\",\"width\":480,\"height\":192,\"caption\":\"Fase Sonora\"},\"image\":{\"@id\":\"http:\/\/www.fasesonora.com\/ca\/#\/schema\/logo\/image\/\"}}]}<\/script>\n<!-- \/ Yoast SEO plugin. -->","yoast_head_json":{"title":"Ficci\u00f3 Sonora - Fase Sonora","robots":{"index":"index","follow":"follow","max-snippet":"max-snippet:-1","max-image-preview":"max-image-preview:large","max-video-preview":"max-video-preview:-1"},"canonical":"http:\/\/www.fasesonora.com\/ca\/ficcio-sonora\/","og_locale":"ca_ES","og_type":"article","og_title":"Ficci\u00f3 Sonora - Fase Sonora","og_description":"Hist\u00f2ries que es veuen amb els ulls tancats.Transformem guions en experi\u00e8ncies immersives. Disseny sonor cinematogr\u00e0fic, direcci\u00f3 d&#8217;actors i ambientaci\u00f3 perqu\u00e8 la teva audi\u00e8ncia no nom\u00e9s escolti la hist\u00f2ria, sin\u00f3 que hi visqui. On la t\u00e8cnica es troba amb la dramat\u00fargia Crear una ficci\u00f3 sonora o documental narratiu \u00e9s el repte definitiu de l&#8217;\u00e0udio: requereix la [&hellip;]","og_url":"http:\/\/www.fasesonora.com\/ca\/ficcio-sonora\/","og_site_name":"Fase Sonora","article_modified_time":"2026-01-21T10:58:01+00:00","og_image":[{"url":"http:\/\/www.fasesonora.com\/files\/fasesonora\/2026\/01\/krlos-square.png","type":"","width":"","height":""}],"twitter_card":"summary_large_image","twitter_misc":{"Temps estimat de lectura":"1 minut"},"schema":{"@context":"https:\/\/schema.org","@graph":[{"@type":"WebPage","@id":"http:\/\/www.fasesonora.com\/ca\/ficcio-sonora\/","url":"http:\/\/www.fasesonora.com\/ca\/ficcio-sonora\/","name":"Ficci\u00f3 Sonora - Fase Sonora","isPartOf":{"@id":"http:\/\/www.fasesonora.com\/ca\/#website"},"primaryImageOfPage":{"@id":"http:\/\/www.fasesonora.com\/ca\/ficcio-sonora\/#primaryimage"},"image":{"@id":"http:\/\/www.fasesonora.com\/ca\/ficcio-sonora\/#primaryimage"},"thumbnailUrl":"http:\/\/www.fasesonora.com\/files\/fasesonora\/2026\/01\/krlos-square.png","datePublished":"2026-01-10T11:27:57+00:00","dateModified":"2026-01-21T10:58:01+00:00","breadcrumb":{"@id":"http:\/\/www.fasesonora.com\/ca\/ficcio-sonora\/#breadcrumb"},"inLanguage":"ca","potentialAction":[{"@type":"ReadAction","target":["http:\/\/www.fasesonora.com\/ca\/ficcio-sonora\/"]}]},{"@type":"ImageObject","inLanguage":"ca","@id":"http:\/\/www.fasesonora.com\/ca\/ficcio-sonora\/#primaryimage","url":"http:\/\/www.fasesonora.com\/files\/fasesonora\/2026\/01\/krlos-square.png","contentUrl":"http:\/\/www.fasesonora.com\/files\/fasesonora\/2026\/01\/krlos-square.png"},{"@type":"BreadcrumbList","@id":"http:\/\/www.fasesonora.com\/ca\/ficcio-sonora\/#breadcrumb","itemListElement":[{"@type":"ListItem","position":1,"name":"Home","item":"https:\/\/www.fasesonora.com\/ca\/"},{"@type":"ListItem","position":2,"name":"Ficci\u00f3 Sonora"}]},{"@type":"WebSite","@id":"http:\/\/www.fasesonora.com\/ca\/#website","url":"http:\/\/www.fasesonora.com\/ca\/","name":"Fase Sonora","description":"","publisher":{"@id":"http:\/\/www.fasesonora.com\/ca\/#organization"},"potentialAction":[{"@type":"SearchAction","target":{"@type":"EntryPoint","urlTemplate":"http:\/\/www.fasesonora.com\/ca\/?s={search_term_string}"},"query-input":{"@type":"PropertyValueSpecification","valueRequired":true,"valueName":"search_term_string"}}],"inLanguage":"ca"},{"@type":"Organization","@id":"http:\/\/www.fasesonora.com\/ca\/#organization","name":"Fase Sonora","url":"http:\/\/www.fasesonora.com\/ca\/","logo":{"@type":"ImageObject","inLanguage":"ca","@id":"http:\/\/www.fasesonora.com\/ca\/#\/schema\/logo\/image\/","url":"https:\/\/fasesonora.com\/files\/fasesonora\/2025\/12\/logo_fasesonora.png","contentUrl":"https:\/\/fasesonora.com\/files\/fasesonora\/2025\/12\/logo_fasesonora.png","width":480,"height":192,"caption":"Fase Sonora"},"image":{"@id":"http:\/\/www.fasesonora.com\/ca\/#\/schema\/logo\/image\/"}}]}},"_links":{"self":[{"href":"http:\/\/www.fasesonora.com\/ca\/wp-json\/wp\/v2\/pages\/257","targetHints":{"allow":["GET"]}}],"collection":[{"href":"http:\/\/www.fasesonora.com\/ca\/wp-json\/wp\/v2\/pages"}],"about":[{"href":"http:\/\/www.fasesonora.com\/ca\/wp-json\/wp\/v2\/types\/page"}],"author":[{"embeddable":true,"href":"http:\/\/www.fasesonora.com\/ca\/wp-json\/wp\/v2\/users\/1"}],"replies":[{"embeddable":true,"href":"http:\/\/www.fasesonora.com\/ca\/wp-json\/wp\/v2\/comments?post=257"}],"version-history":[{"count":6,"href":"http:\/\/www.fasesonora.com\/ca\/wp-json\/wp\/v2\/pages\/257\/revisions"}],"predecessor-version":[{"id":279,"href":"http:\/\/www.fasesonora.com\/ca\/wp-json\/wp\/v2\/pages\/257\/revisions\/279"}],"wp:attachment":[{"href":"http:\/\/www.fasesonora.com\/ca\/wp-json\/wp\/v2\/media?parent=257"}],"curies":[{"name":"wp","href":"https:\/\/api.w.org\/{rel}","templated":true}]}}