{"id":253,"date":"2026-01-10T12:27:49","date_gmt":"2026-01-10T11:27:49","guid":{"rendered":"https:\/\/www.fasesonora.com\/conversacionals\/"},"modified":"2026-01-21T11:58:40","modified_gmt":"2026-01-21T10:58:40","slug":"conversacionals","status":"publish","type":"page","link":"http:\/\/www.fasesonora.com\/ca\/conversacionals\/","title":{"rendered":"Conversacionals"},"content":{"rendered":"<!--themify_builder_content-->\n<div id=\"themify_builder_content-253\" data-postid=\"253\" class=\"themify_builder_content themify_builder_content-253 themify_builder tf_clear\">\n                    <div  data-parallax-bg=\"desktop\" data-css_id=\"7fb2456\" data-lazy=\"1\" class=\"module_row themify_builder_row fullwidth tb_7fb2456 tb_first tf_w\">\n            <span class=\"builder_row_cover tf_abs\"><\/span>            <div class=\"row_inner col_align_top tb_col_count_1 tf_box tf_rel\">\n                        <div  data-lazy=\"1\" class=\"module_column tb-column col-full tb_p3r3456 first\">\n                    <!-- module fancy heading -->\n<div  class=\"module module-fancy-heading tb_x9ok792 \" data-lazy=\"1\">\n        <h1 class=\"fancy-heading tf_textc\">\n    <span class=\"main-head tf_block\">\n                    Converses que connecten, hist\u00f2ries que romanen            <\/span>\n\n    \n    <span class=\"sub-head tf_block tf_rel\">\n                    Elevem el format d'entrevista i tert\u00falia amb una producci\u00f3 t\u00e8cnica impecable. Tu centra't en l'invitat i en la xerrada; nosaltres ens encarreguem que el m\u00f3n us escolti amb la m\u00e0xima claredat i ritme.            <\/span>\n    <\/h1>\n<\/div>\n<!-- \/module fancy heading -->\n        <\/div>\n                        <\/div>\n        <\/div>\n                        <div  data-lazy=\"1\" class=\"module_row themify_builder_row tb_71m8871 tf_w\">\n                        <div class=\"row_inner col_align_top tb_col_count_1 tf_box tf_rel\">\n                        <div  data-lazy=\"1\" class=\"module_column tb-column col-full tb_l9or871 first\">\n                    <!-- module fancy heading -->\n<div  class=\"module module-fancy-heading tb_hyfq833  tb_hide_divider\" data-lazy=\"1\">\n        <h2 class=\"fancy-heading tf_textc\">\n    <span class=\"main-head tf_block\">\n                    El poder de la paraula, sense barreres t\u00e8cniques.            <\/span>\n\n    \n    <span class=\"sub-head tf_block tf_rel\">\n                                <\/span>\n    <\/h2>\n<\/div>\n<!-- \/module fancy heading -->\n<!-- module text -->\n<div  class=\"module module-text tb_keb3867   \" data-lazy=\"1\">\n        <div  class=\"tb_text_wrap\">\n        <p data-path-to-node=\"7,1,0\">Una gran conversa pot perdre&#8217;s si l&#8217;\u00e0udio no est\u00e0 a l&#8217;altura. En el podcasting conversacional, la intimitat \u00e9s la clau, i qualsevol soroll, eco o silenci inc\u00f2mode trenca aquesta m\u00e0gia.<\/p>\n<p data-path-to-node=\"7,1,1\">A <b data-path-to-node=\"7,1,1\" data-index-in-node=\"3\">Fase Sonora<\/b> no ens limitem a posar un micr\u00f2fon i gravar. Apliquem una edici\u00f3 quir\u00fargica per netejar el so, per\u00f2 sobretot, <b data-path-to-node=\"7,1,1\" data-index-in-node=\"137\">editem per al ritme<\/b>. Eliminem les crosses verbals, ajustem els temps i estructurem la xerrada perqu\u00e8 flueixi amb naturalitat, mantenint l&#8217;atenci\u00f3 de l&#8217;oient des del primer minut fins al comiat.<\/p>\n<p data-path-to-node=\"7,1,2\">Ja sigui una entrevista \u00edntima sobre vulnerabilitat, una tert\u00falia de cinema apassionada o un debat t\u00e8cnic, tractem cada paraula amb el respecte que mereix. T&#8217;ajudem amb l&#8217;escaleta, la gravaci\u00f3 remota o presencial, i la postproducci\u00f3 final, garantint un producte que sona professional, proper i aut\u00e8ntic.<\/p>    <\/div>\n<\/div>\n<!-- \/module text -->        <\/div>\n                        <\/div>\n        <\/div>\n                        <div  data-lazy=\"1\" class=\"module_row themify_builder_row tb_89w5618 tf_w\">\n                        <div class=\"row_inner col_align_top tb_col_count_1 tf_box tf_rel\">\n                        <div  data-lazy=\"1\" class=\"module_column tb-column col-full tb_5wcj618 first\">\n                    <!-- module image -->\n<div  class=\"module module-image tb_et8x731 image-top   tf_mw\" data-lazy=\"1\">\n        <div class=\"image-wrap tf_rel tf_mw\">\n            <a href=\"https:\/\/www.fasesonora.com\/entre-cametes\/\">\n                   <img loading=\"lazy\" decoding=\"async\" src=\"http:\/\/www.fasesonora.com\/files\/fasesonora\/2025\/12\/logo_entrecametes_square_400-400x400.png\" width=\"400\" height=\"400\" class=\"wp-post-image wp-image-252\" title=\"logo_entrecametes_square_400\" alt=\"logo_entrecametes_square_400\" srcset=\"http:\/\/www.fasesonora.com\/files\/fasesonora\/2025\/12\/logo_entrecametes_square_400.png 400w, http:\/\/www.fasesonora.com\/files\/fasesonora\/2025\/12\/logo_entrecametes_square_400-300x300.png 300w, http:\/\/www.fasesonora.com\/files\/fasesonora\/2025\/12\/logo_entrecametes_square_400-150x150.png 150w\" sizes=\"auto, (max-width: 400px) 100vw, 400px\" \/>        <\/a>\n    \n        <\/div>\n    <!-- \/image-wrap -->\n    \n        <\/div>\n<!-- \/module image -->        <\/div>\n                        <\/div>\n        <\/div>\n        <\/div>\n<!--\/themify_builder_content-->","protected":false},"excerpt":{"rendered":"<p>Converses que connecten, hist\u00f2ries que romanenElevem el format d&#8217;entrevista i tert\u00falia amb una producci\u00f3 t\u00e8cnica impecable. Tu centra&#8217;t en l&#8217;invitat i en la xerrada; nosaltres ens encarreguem que el m\u00f3n us escolti amb la m\u00e0xima claredat i ritme. El poder de la paraula, sense barreres t\u00e8cniques. Una gran conversa pot perdre&#8217;s si l&#8217;\u00e0udio no est\u00e0 [&hellip;]<\/p>\n","protected":false},"author":1,"featured_media":0,"parent":0,"menu_order":0,"comment_status":"closed","ping_status":"closed","template":"","meta":{"footnotes":""},"class_list":["post-253","page","type-page","status-publish","hentry","has-post-title","has-post-date","has-post-category","has-post-tag","has-post-comment","has-post-author",""],"yoast_head":"<!-- This site is optimized with the Yoast SEO plugin v26.8 - https:\/\/yoast.com\/product\/yoast-seo-wordpress\/ -->\n<title>Conversacionals - Fase Sonora<\/title>\n<meta name=\"robots\" content=\"index, follow, max-snippet:-1, max-image-preview:large, max-video-preview:-1\" \/>\n<link rel=\"canonical\" href=\"http:\/\/www.fasesonora.com\/ca\/conversacionals\/\" \/>\n<meta property=\"og:locale\" content=\"ca_ES\" \/>\n<meta property=\"og:type\" content=\"article\" \/>\n<meta property=\"og:title\" content=\"Conversacionals - Fase Sonora\" \/>\n<meta property=\"og:description\" content=\"Converses que connecten, hist\u00f2ries que romanenElevem el format d&#8217;entrevista i tert\u00falia amb una producci\u00f3 t\u00e8cnica impecable. Tu centra&#8217;t en l&#8217;invitat i en la xerrada; nosaltres ens encarreguem que el m\u00f3n us escolti amb la m\u00e0xima claredat i ritme. El poder de la paraula, sense barreres t\u00e8cniques. Una gran conversa pot perdre&#8217;s si l&#8217;\u00e0udio no est\u00e0 [&hellip;]\" \/>\n<meta property=\"og:url\" content=\"http:\/\/www.fasesonora.com\/ca\/conversacionals\/\" \/>\n<meta property=\"og:site_name\" content=\"Fase Sonora\" \/>\n<meta property=\"article:modified_time\" content=\"2026-01-21T10:58:40+00:00\" \/>\n<meta property=\"og:image\" content=\"http:\/\/www.fasesonora.com\/files\/fasesonora\/2025\/12\/logo_entrecametes_square_400.png\" \/>\n<meta name=\"twitter:card\" content=\"summary_large_image\" \/>\n<meta name=\"twitter:label1\" content=\"Temps estimat de lectura\" \/>\n\t<meta name=\"twitter:data1\" content=\"1 minut\" \/>\n<script type=\"application\/ld+json\" class=\"yoast-schema-graph\">{\"@context\":\"https:\/\/schema.org\",\"@graph\":[{\"@type\":\"WebPage\",\"@id\":\"http:\/\/www.fasesonora.com\/ca\/conversacionals\/\",\"url\":\"http:\/\/www.fasesonora.com\/ca\/conversacionals\/\",\"name\":\"Conversacionals - Fase Sonora\",\"isPartOf\":{\"@id\":\"http:\/\/www.fasesonora.com\/ca\/#website\"},\"primaryImageOfPage\":{\"@id\":\"http:\/\/www.fasesonora.com\/ca\/conversacionals\/#primaryimage\"},\"image\":{\"@id\":\"http:\/\/www.fasesonora.com\/ca\/conversacionals\/#primaryimage\"},\"thumbnailUrl\":\"http:\/\/www.fasesonora.com\/files\/fasesonora\/2025\/12\/logo_entrecametes_square_400.png\",\"datePublished\":\"2026-01-10T11:27:49+00:00\",\"dateModified\":\"2026-01-21T10:58:40+00:00\",\"breadcrumb\":{\"@id\":\"http:\/\/www.fasesonora.com\/ca\/conversacionals\/#breadcrumb\"},\"inLanguage\":\"ca\",\"potentialAction\":[{\"@type\":\"ReadAction\",\"target\":[\"http:\/\/www.fasesonora.com\/ca\/conversacionals\/\"]}]},{\"@type\":\"ImageObject\",\"inLanguage\":\"ca\",\"@id\":\"http:\/\/www.fasesonora.com\/ca\/conversacionals\/#primaryimage\",\"url\":\"http:\/\/www.fasesonora.com\/files\/fasesonora\/2025\/12\/logo_entrecametes_square_400.png\",\"contentUrl\":\"http:\/\/www.fasesonora.com\/files\/fasesonora\/2025\/12\/logo_entrecametes_square_400.png\"},{\"@type\":\"BreadcrumbList\",\"@id\":\"http:\/\/www.fasesonora.com\/ca\/conversacionals\/#breadcrumb\",\"itemListElement\":[{\"@type\":\"ListItem\",\"position\":1,\"name\":\"Home\",\"item\":\"https:\/\/www.fasesonora.com\/ca\/\"},{\"@type\":\"ListItem\",\"position\":2,\"name\":\"Conversacionals\"}]},{\"@type\":\"WebSite\",\"@id\":\"http:\/\/www.fasesonora.com\/ca\/#website\",\"url\":\"http:\/\/www.fasesonora.com\/ca\/\",\"name\":\"Fase Sonora\",\"description\":\"\",\"publisher\":{\"@id\":\"http:\/\/www.fasesonora.com\/ca\/#organization\"},\"potentialAction\":[{\"@type\":\"SearchAction\",\"target\":{\"@type\":\"EntryPoint\",\"urlTemplate\":\"http:\/\/www.fasesonora.com\/ca\/?s={search_term_string}\"},\"query-input\":{\"@type\":\"PropertyValueSpecification\",\"valueRequired\":true,\"valueName\":\"search_term_string\"}}],\"inLanguage\":\"ca\"},{\"@type\":\"Organization\",\"@id\":\"http:\/\/www.fasesonora.com\/ca\/#organization\",\"name\":\"Fase Sonora\",\"url\":\"http:\/\/www.fasesonora.com\/ca\/\",\"logo\":{\"@type\":\"ImageObject\",\"inLanguage\":\"ca\",\"@id\":\"http:\/\/www.fasesonora.com\/ca\/#\/schema\/logo\/image\/\",\"url\":\"https:\/\/fasesonora.com\/files\/fasesonora\/2025\/12\/logo_fasesonora.png\",\"contentUrl\":\"https:\/\/fasesonora.com\/files\/fasesonora\/2025\/12\/logo_fasesonora.png\",\"width\":480,\"height\":192,\"caption\":\"Fase Sonora\"},\"image\":{\"@id\":\"http:\/\/www.fasesonora.com\/ca\/#\/schema\/logo\/image\/\"}}]}<\/script>\n<!-- \/ Yoast SEO plugin. -->","yoast_head_json":{"title":"Conversacionals - Fase Sonora","robots":{"index":"index","follow":"follow","max-snippet":"max-snippet:-1","max-image-preview":"max-image-preview:large","max-video-preview":"max-video-preview:-1"},"canonical":"http:\/\/www.fasesonora.com\/ca\/conversacionals\/","og_locale":"ca_ES","og_type":"article","og_title":"Conversacionals - Fase Sonora","og_description":"Converses que connecten, hist\u00f2ries que romanenElevem el format d&#8217;entrevista i tert\u00falia amb una producci\u00f3 t\u00e8cnica impecable. Tu centra&#8217;t en l&#8217;invitat i en la xerrada; nosaltres ens encarreguem que el m\u00f3n us escolti amb la m\u00e0xima claredat i ritme. El poder de la paraula, sense barreres t\u00e8cniques. Una gran conversa pot perdre&#8217;s si l&#8217;\u00e0udio no est\u00e0 [&hellip;]","og_url":"http:\/\/www.fasesonora.com\/ca\/conversacionals\/","og_site_name":"Fase Sonora","article_modified_time":"2026-01-21T10:58:40+00:00","og_image":[{"url":"http:\/\/www.fasesonora.com\/files\/fasesonora\/2025\/12\/logo_entrecametes_square_400.png","type":"","width":"","height":""}],"twitter_card":"summary_large_image","twitter_misc":{"Temps estimat de lectura":"1 minut"},"schema":{"@context":"https:\/\/schema.org","@graph":[{"@type":"WebPage","@id":"http:\/\/www.fasesonora.com\/ca\/conversacionals\/","url":"http:\/\/www.fasesonora.com\/ca\/conversacionals\/","name":"Conversacionals - Fase Sonora","isPartOf":{"@id":"http:\/\/www.fasesonora.com\/ca\/#website"},"primaryImageOfPage":{"@id":"http:\/\/www.fasesonora.com\/ca\/conversacionals\/#primaryimage"},"image":{"@id":"http:\/\/www.fasesonora.com\/ca\/conversacionals\/#primaryimage"},"thumbnailUrl":"http:\/\/www.fasesonora.com\/files\/fasesonora\/2025\/12\/logo_entrecametes_square_400.png","datePublished":"2026-01-10T11:27:49+00:00","dateModified":"2026-01-21T10:58:40+00:00","breadcrumb":{"@id":"http:\/\/www.fasesonora.com\/ca\/conversacionals\/#breadcrumb"},"inLanguage":"ca","potentialAction":[{"@type":"ReadAction","target":["http:\/\/www.fasesonora.com\/ca\/conversacionals\/"]}]},{"@type":"ImageObject","inLanguage":"ca","@id":"http:\/\/www.fasesonora.com\/ca\/conversacionals\/#primaryimage","url":"http:\/\/www.fasesonora.com\/files\/fasesonora\/2025\/12\/logo_entrecametes_square_400.png","contentUrl":"http:\/\/www.fasesonora.com\/files\/fasesonora\/2025\/12\/logo_entrecametes_square_400.png"},{"@type":"BreadcrumbList","@id":"http:\/\/www.fasesonora.com\/ca\/conversacionals\/#breadcrumb","itemListElement":[{"@type":"ListItem","position":1,"name":"Home","item":"https:\/\/www.fasesonora.com\/ca\/"},{"@type":"ListItem","position":2,"name":"Conversacionals"}]},{"@type":"WebSite","@id":"http:\/\/www.fasesonora.com\/ca\/#website","url":"http:\/\/www.fasesonora.com\/ca\/","name":"Fase Sonora","description":"","publisher":{"@id":"http:\/\/www.fasesonora.com\/ca\/#organization"},"potentialAction":[{"@type":"SearchAction","target":{"@type":"EntryPoint","urlTemplate":"http:\/\/www.fasesonora.com\/ca\/?s={search_term_string}"},"query-input":{"@type":"PropertyValueSpecification","valueRequired":true,"valueName":"search_term_string"}}],"inLanguage":"ca"},{"@type":"Organization","@id":"http:\/\/www.fasesonora.com\/ca\/#organization","name":"Fase Sonora","url":"http:\/\/www.fasesonora.com\/ca\/","logo":{"@type":"ImageObject","inLanguage":"ca","@id":"http:\/\/www.fasesonora.com\/ca\/#\/schema\/logo\/image\/","url":"https:\/\/fasesonora.com\/files\/fasesonora\/2025\/12\/logo_fasesonora.png","contentUrl":"https:\/\/fasesonora.com\/files\/fasesonora\/2025\/12\/logo_fasesonora.png","width":480,"height":192,"caption":"Fase Sonora"},"image":{"@id":"http:\/\/www.fasesonora.com\/ca\/#\/schema\/logo\/image\/"}}]}},"_links":{"self":[{"href":"http:\/\/www.fasesonora.com\/ca\/wp-json\/wp\/v2\/pages\/253","targetHints":{"allow":["GET"]}}],"collection":[{"href":"http:\/\/www.fasesonora.com\/ca\/wp-json\/wp\/v2\/pages"}],"about":[{"href":"http:\/\/www.fasesonora.com\/ca\/wp-json\/wp\/v2\/types\/page"}],"author":[{"embeddable":true,"href":"http:\/\/www.fasesonora.com\/ca\/wp-json\/wp\/v2\/users\/1"}],"replies":[{"embeddable":true,"href":"http:\/\/www.fasesonora.com\/ca\/wp-json\/wp\/v2\/comments?post=253"}],"version-history":[{"count":2,"href":"http:\/\/www.fasesonora.com\/ca\/wp-json\/wp\/v2\/pages\/253\/revisions"}],"predecessor-version":[{"id":281,"href":"http:\/\/www.fasesonora.com\/ca\/wp-json\/wp\/v2\/pages\/253\/revisions\/281"}],"wp:attachment":[{"href":"http:\/\/www.fasesonora.com\/ca\/wp-json\/wp\/v2\/media?parent=253"}],"curies":[{"name":"wp","href":"https:\/\/api.w.org\/{rel}","templated":true}]}}